{"id":11138,"date":"2025-03-27T10:08:49","date_gmt":"2025-03-27T10:08:49","guid":{"rendered":"https:\/\/vgi.krtk.hu\/?page_id=11138"},"modified":"2025-07-14T13:20:16","modified_gmt":"2025-07-14T13:20:16","slug":"shifting-gears","status":"publish","type":"page","link":"https:\/\/vgi.krtk.hu\/en\/shifting-gears\/","title":{"rendered":"SHIFTing Gears: The Future of Electric Car Production in CEE Countries"},"content":{"rendered":"<p><img fetchpriority=\"high\" decoding=\"async\" class=\"aligncenter size-large wp-image-11139\" src=\"https:\/\/vgi.krtk.hu\/wp-content\/uploads\/2025\/03\/Visegrad-Project-BelgradeConference-banner-2-1024x256.png\" alt=\"SHIFTing Gears: The Future of Electric Car Production in CEE Countries\" width=\"800\" height=\"200\" srcset=\"https:\/\/vgi.krtk.hu\/wp-content\/uploads\/2025\/03\/Visegrad-Project-BelgradeConference-banner-2-1024x256.png 1024w, https:\/\/vgi.krtk.hu\/wp-content\/uploads\/2025\/03\/Visegrad-Project-BelgradeConference-banner-2-300x75.png 300w, https:\/\/vgi.krtk.hu\/wp-content\/uploads\/2025\/03\/Visegrad-Project-BelgradeConference-banner-2-768x192.png 768w, https:\/\/vgi.krtk.hu\/wp-content\/uploads\/2025\/03\/Visegrad-Project-BelgradeConference-banner-2-1536x384.png 1536w, https:\/\/vgi.krtk.hu\/wp-content\/uploads\/2025\/03\/Visegrad-Project-BelgradeConference-banner-2.png 1600w\" sizes=\"(max-width: 800px) 100vw, 800px\" \/><\/p>\n<div>\n<p>This international conference will bring together representatives from stakeholders and researchers involved in the project. Stakeholders and researchers will share the results of their research on state policies on the buildout of electric car production, and the impact of the automotive transition on the automotive industry in Central and Eastern Europe.<\/p>\n<div>\n<p><em>This conference is part of an international project funded by the International Visegrad Fund, entitled: Shift to electric car production: national strategies in Central and Eastern Europe. Visegrad Grant No. 22330218<\/em><\/p>\n<\/div>\n<\/div>\n<p>The project is co-financed by the Governments of Czechia, Hungary, Poland and Slovakia through Visegrad Grants from International Visegrad Fund. The mission of the fund is to advance ideas for sustainable regional cooperation in Central Europe.<\/p>\n<p>&nbsp;<\/p>\n<div>\n<div>\n<p>TITLE OF THE CONFERENCE: <strong>SHIFTing Gears: The Future of Electric Car Production in CEE Countries<\/strong><\/p>\n<p>DATE: <strong>May 9, 2025<\/strong><br \/>\nVENUE: <strong>Institute of Economic Sciences, Zmaj Jovina 12, 11000 Belgrade, Serbia (<a href=\"https:\/\/g.co\/kgs\/t7M4nMF\">ON MAP<\/a>) \/ 3rd floor, ROOM S3.<\/strong><br \/>\nORGANISER: <strong>\u00a0Institute of Economic Sciences, Belgrade, with the support of the International Visegrad Fund<\/strong><br \/>\nFORM: <strong>in-person<\/strong><br \/>\nThe language of the conference is <strong>ENGLISH<\/strong><\/p>\n<p>&nbsp;<\/p>\n<\/div>\n<h5>PROGRAMME AND PRESENTATIONS<\/h5>\n<p>9.30-10.00 Registration<\/p>\n<p>10.00-10.15 WELCOME<\/p>\n<p><strong>Sonja \u0110uri\u010din<\/strong> (<em>President of the Scientific Council, Institute of Economic Sciences<\/em>)<\/p>\n<p><strong>G\u00e1bor T\u00fary<\/strong> (<em>HUN-REN CERS, Institute of World Economics<\/em>)<\/p>\n<p><strong>Petar Miti\u0107<\/strong> (<em>Institute of Economic Sciences<\/em>)<\/p>\n<p>10.15-10.45 <strong>Aleksandra Fedajev<\/strong> (<em>Technical Faculty in Bor, University of Belgrade<\/em>): Understanding the Drivers of Sustainable Car Adoption in Serbia: The Role of Society, Environment, and Policy <a href=\"https:\/\/vgi.krtk.hu\/wp-content\/uploads\/2025\/05\/Fedajev_Understanding-the-Drivers-of-Sustainable-Car-Adoption-in-Serbia.pdf\">DOWNLOAD<\/a><\/p>\n<p>10.45-11.15 <strong>Du\u0161an Markovi\u0107<\/strong> (<em>Faculty of Economics, University of Belgrade<\/em>): Global trends in automotive industry <a href=\"https:\/\/vgi.krtk.hu\/wp-content\/uploads\/2025\/05\/Dusan_Global-trends-in-automotive-industry.pdf\">DOWNLOAD<\/a><\/p>\n<p>11.15-11.30 <em>Coffee break<\/em><\/p>\n<p>11.30-11.50 <strong>G\u00e1bor T\u00fary<\/strong> (<em>HUN-REN CERS &#8211; IWE<\/em>): Prospects for Hungarian suppliers in the transition to electric car production <a href=\"https:\/\/vgi.krtk.hu\/wp-content\/uploads\/2025\/05\/Tury_Prospects-for-Hungarian-suppliers-in-the-transition-to-electric-car-production.pdf\">DOWNLOAD<\/a><\/p>\n<p>11.50-12.10 <strong>Andrea \u00c9ltet\u0151<\/strong> (<em>HUN-REN CERS &#8211; IWE<\/em>): Recent Developments in the Hungarian EV Battery Sector <a href=\"https:\/\/vgi.krtk.hu\/wp-content\/uploads\/2025\/05\/Elteto_Recent-Developments-in-the-Hungarian-EV-Battery-Sector.pdf\">DOWNLOAD<\/a><\/p>\n<p>12.10-12.30 <strong>Adam A. Ambroziak<\/strong> and <strong>Micha\u0142 Schwabe<\/strong> (<em>Warsaw School of Economics<\/em>): Recent developments in the EU industrial policy and national support programmes for the electric vehicles sector. The case of Poland <a href=\"https:\/\/vgi.krtk.hu\/wp-content\/uploads\/2025\/05\/Ambroziak_Recent-developments-in-the-EU-industrial-policy-and-national-support-programs-for-the-electric-vehicles-sector.pdf\">DOWNLOAD<\/a><\/p>\n<p>12.30-12.45 <em>Coffee break<\/em><\/p>\n<p>12.45-13.05 <strong>Eva K\u0159enkov\u00e1<\/strong> (<em>Prague University of Economics and Business<\/em>): How do collaboration, sustainability and resilience impact the new product development: Investigation among Czech and Hungarian automotive producers in time of transition towards electromobility <a href=\"https:\/\/vgi.krtk.hu\/wp-content\/uploads\/2025\/05\/Krenkova_How-do-collaboration-sustainability-and-resilience-impact-the-new-product-development.pdf\">DOWNLOAD<\/a><\/p>\n<p>13.05-13.25 <strong>Petr Proch\u00e1zka<\/strong> (<em>Prague University of Economics and Business<\/em>): Book review: Petr Pavl\u00ednek: Europe&#8217;s Auto Industry Global Production Networks and Spatial Change <a href=\"https:\/\/vgi.krtk.hu\/wp-content\/uploads\/2025\/05\/Prochazka_Europes-Auto-Industry-Global-Production-Networks-and-Spatial-Change.pdf\">DOWNLOAD<\/a><\/p>\n<p>13.25-13.45 <strong>Isidora Beraha<\/strong> (<em>Institute of Economic Sciences<\/em>): Perspectives of Serbian Automotive Suppliers in the Electric Vehicle Global Value Chain: Insights from Industry Interviews <a href=\"https:\/\/vgi.krtk.hu\/wp-content\/uploads\/2025\/05\/Beraha_Perspectives-of-Serbian-Automotive-Suppliers-in-the-Electric-Vehicle-Global-Value-Chain.pdf\">DOWNLOAD<\/a><\/p>\n<p>13.45-14.05 <strong>Petar Miti\u0107<\/strong> (<em>Institute of Economic Sciences<\/em>): Public Incentives Driving EHV Adoption in the Visegrad Group and Serbia <a href=\"https:\/\/vgi.krtk.hu\/wp-content\/uploads\/2025\/05\/Mitic_Public-Incentives-Driving-EHV-Adoption-in-the-Visegrad-Group-and-Serbia.pdf\">DOWNLOAD<\/a><\/p>\n<p>14.05-15.30 <em>Lunch<\/em><\/p>\n<\/div>\n<p>&nbsp;<\/p>\n<h5>PICTURES<\/h5>\n<p><a href=\"https:\/\/vgi.krtk.hu\/wp-content\/uploads\/2025\/05\/IMG_2958-scaled.jpg\"><img decoding=\"async\" class=\"alignnone size-medium wp-image-11330\" src=\"https:\/\/vgi.krtk.hu\/wp-content\/uploads\/2025\/05\/IMG_2958-300x225.jpg\" alt=\"\" width=\"300\" height=\"225\" srcset=\"https:\/\/vgi.krtk.hu\/wp-content\/uploads\/2025\/05\/IMG_2958-300x225.jpg 300w, https:\/\/vgi.krtk.hu\/wp-content\/uploads\/2025\/05\/IMG_2958-1024x768.jpg 1024w, https:\/\/vgi.krtk.hu\/wp-content\/uploads\/2025\/05\/IMG_2958-768x576.jpg 768w, https:\/\/vgi.krtk.hu\/wp-content\/uploads\/2025\/05\/IMG_2958-1536x1152.jpg 1536w, https:\/\/vgi.krtk.hu\/wp-content\/uploads\/2025\/05\/IMG_2958-2048x1536.jpg 2048w\" sizes=\"(max-width: 300px) 100vw, 300px\" \/><\/a>\u00a0 <a href=\"https:\/\/vgi.krtk.hu\/wp-content\/uploads\/2025\/05\/IMG_2967-scaled.jpg\"><img decoding=\"async\" class=\"alignnone size-medium wp-image-11332\" src=\"https:\/\/vgi.krtk.hu\/wp-content\/uploads\/2025\/05\/IMG_2967-300x225.jpg\" alt=\"\" width=\"300\" height=\"225\" srcset=\"https:\/\/vgi.krtk.hu\/wp-content\/uploads\/2025\/05\/IMG_2967-300x225.jpg 300w, https:\/\/vgi.krtk.hu\/wp-content\/uploads\/2025\/05\/IMG_2967-1024x768.jpg 1024w, https:\/\/vgi.krtk.hu\/wp-content\/uploads\/2025\/05\/IMG_2967-768x576.jpg 768w, https:\/\/vgi.krtk.hu\/wp-content\/uploads\/2025\/05\/IMG_2967-1536x1152.jpg 1536w, https:\/\/vgi.krtk.hu\/wp-content\/uploads\/2025\/05\/IMG_2967-2048x1536.jpg 2048w\" sizes=\"(max-width: 300px) 100vw, 300px\" \/><\/a>\u00a0 <a href=\"https:\/\/vgi.krtk.hu\/wp-content\/uploads\/2025\/05\/IMG_2969-scaled.jpg\"><img loading=\"lazy\" decoding=\"async\" class=\"alignnone size-medium wp-image-11334\" src=\"https:\/\/vgi.krtk.hu\/wp-content\/uploads\/2025\/05\/IMG_2969-300x225.jpg\" alt=\"\" width=\"300\" height=\"225\" srcset=\"https:\/\/vgi.krtk.hu\/wp-content\/uploads\/2025\/05\/IMG_2969-300x225.jpg 300w, https:\/\/vgi.krtk.hu\/wp-content\/uploads\/2025\/05\/IMG_2969-1024x768.jpg 1024w, https:\/\/vgi.krtk.hu\/wp-content\/uploads\/2025\/05\/IMG_2969-768x576.jpg 768w, https:\/\/vgi.krtk.hu\/wp-content\/uploads\/2025\/05\/IMG_2969-1536x1152.jpg 1536w, https:\/\/vgi.krtk.hu\/wp-content\/uploads\/2025\/05\/IMG_2969-2048x1536.jpg 2048w\" sizes=\"(max-width: 300px) 100vw, 300px\" \/><\/a>\u00a0 <a href=\"https:\/\/vgi.krtk.hu\/wp-content\/uploads\/2025\/05\/IMG_2985-scaled.jpg\"><img loading=\"lazy\" decoding=\"async\" class=\"alignnone size-medium wp-image-11336\" src=\"https:\/\/vgi.krtk.hu\/wp-content\/uploads\/2025\/05\/IMG_2985-300x225.jpg\" alt=\"\" width=\"300\" height=\"225\" srcset=\"https:\/\/vgi.krtk.hu\/wp-content\/uploads\/2025\/05\/IMG_2985-300x225.jpg 300w, https:\/\/vgi.krtk.hu\/wp-content\/uploads\/2025\/05\/IMG_2985-1024x768.jpg 1024w, https:\/\/vgi.krtk.hu\/wp-content\/uploads\/2025\/05\/IMG_2985-768x576.jpg 768w, https:\/\/vgi.krtk.hu\/wp-content\/uploads\/2025\/05\/IMG_2985-1536x1152.jpg 1536w, https:\/\/vgi.krtk.hu\/wp-content\/uploads\/2025\/05\/IMG_2985-2048x1536.jpg 2048w\" sizes=\"(max-width: 300px) 100vw, 300px\" \/><\/a>\u00a0 <a href=\"https:\/\/vgi.krtk.hu\/wp-content\/uploads\/2025\/05\/IMG_2991-scaled.jpg\"><img loading=\"lazy\" decoding=\"async\" class=\"alignnone size-medium wp-image-11338\" src=\"https:\/\/vgi.krtk.hu\/wp-content\/uploads\/2025\/05\/IMG_2991-300x225.jpg\" alt=\"\" width=\"300\" height=\"225\" srcset=\"https:\/\/vgi.krtk.hu\/wp-content\/uploads\/2025\/05\/IMG_2991-300x225.jpg 300w, https:\/\/vgi.krtk.hu\/wp-content\/uploads\/2025\/05\/IMG_2991-1024x768.jpg 1024w, https:\/\/vgi.krtk.hu\/wp-content\/uploads\/2025\/05\/IMG_2991-768x576.jpg 768w, https:\/\/vgi.krtk.hu\/wp-content\/uploads\/2025\/05\/IMG_2991-1536x1152.jpg 1536w, https:\/\/vgi.krtk.hu\/wp-content\/uploads\/2025\/05\/IMG_2991-2048x1536.jpg 2048w\" sizes=\"(max-width: 300px) 100vw, 300px\" \/><\/a>\u00a0 <a href=\"https:\/\/vgi.krtk.hu\/wp-content\/uploads\/2025\/05\/IMG_2996-scaled.jpg\"><img loading=\"lazy\" decoding=\"async\" class=\"alignnone size-medium wp-image-11340\" src=\"https:\/\/vgi.krtk.hu\/wp-content\/uploads\/2025\/05\/IMG_2996-300x225.jpg\" alt=\"\" width=\"300\" height=\"225\" srcset=\"https:\/\/vgi.krtk.hu\/wp-content\/uploads\/2025\/05\/IMG_2996-300x225.jpg 300w, https:\/\/vgi.krtk.hu\/wp-content\/uploads\/2025\/05\/IMG_2996-1024x768.jpg 1024w, https:\/\/vgi.krtk.hu\/wp-content\/uploads\/2025\/05\/IMG_2996-768x576.jpg 768w, https:\/\/vgi.krtk.hu\/wp-content\/uploads\/2025\/05\/IMG_2996-1536x1152.jpg 1536w, https:\/\/vgi.krtk.hu\/wp-content\/uploads\/2025\/05\/IMG_2996-2048x1536.jpg 2048w\" sizes=\"(max-width: 300px) 100vw, 300px\" \/><\/a> \u00a0<a href=\"https:\/\/vgi.krtk.hu\/wp-content\/uploads\/2025\/05\/IMG_3010-scaled.jpg\"><img loading=\"lazy\" decoding=\"async\" class=\"alignnone size-medium wp-image-11344\" src=\"https:\/\/vgi.krtk.hu\/wp-content\/uploads\/2025\/05\/IMG_3010-300x225.jpg\" alt=\"\" width=\"300\" height=\"225\" srcset=\"https:\/\/vgi.krtk.hu\/wp-content\/uploads\/2025\/05\/IMG_3010-300x225.jpg 300w, https:\/\/vgi.krtk.hu\/wp-content\/uploads\/2025\/05\/IMG_3010-1024x768.jpg 1024w, https:\/\/vgi.krtk.hu\/wp-content\/uploads\/2025\/05\/IMG_3010-768x576.jpg 768w, https:\/\/vgi.krtk.hu\/wp-content\/uploads\/2025\/05\/IMG_3010-1536x1152.jpg 1536w, https:\/\/vgi.krtk.hu\/wp-content\/uploads\/2025\/05\/IMG_3010-2048x1536.jpg 2048w\" sizes=\"(max-width: 300px) 100vw, 300px\" \/><\/a>\u00a0 <a href=\"https:\/\/vgi.krtk.hu\/wp-content\/uploads\/2025\/05\/IMG_3012-scaled.jpg\"><img loading=\"lazy\" decoding=\"async\" class=\"alignnone size-medium wp-image-11346\" src=\"https:\/\/vgi.krtk.hu\/wp-content\/uploads\/2025\/05\/IMG_3012-300x225.jpg\" alt=\"\" width=\"300\" height=\"225\" srcset=\"https:\/\/vgi.krtk.hu\/wp-content\/uploads\/2025\/05\/IMG_3012-300x225.jpg 300w, https:\/\/vgi.krtk.hu\/wp-content\/uploads\/2025\/05\/IMG_3012-1024x768.jpg 1024w, https:\/\/vgi.krtk.hu\/wp-content\/uploads\/2025\/05\/IMG_3012-768x576.jpg 768w, https:\/\/vgi.krtk.hu\/wp-content\/uploads\/2025\/05\/IMG_3012-1536x1152.jpg 1536w, https:\/\/vgi.krtk.hu\/wp-content\/uploads\/2025\/05\/IMG_3012-2048x1536.jpg 2048w\" sizes=\"(max-width: 300px) 100vw, 300px\" \/><\/a>\u00a0 <a href=\"https:\/\/vgi.krtk.hu\/wp-content\/uploads\/2025\/05\/IMG_3015-scaled.jpg\"><img loading=\"lazy\" decoding=\"async\" class=\"alignnone size-medium wp-image-11351\" src=\"https:\/\/vgi.krtk.hu\/wp-content\/uploads\/2025\/05\/IMG_3015-300x225.jpg\" alt=\"\" width=\"300\" height=\"225\" srcset=\"https:\/\/vgi.krtk.hu\/wp-content\/uploads\/2025\/05\/IMG_3015-300x225.jpg 300w, https:\/\/vgi.krtk.hu\/wp-content\/uploads\/2025\/05\/IMG_3015-1024x768.jpg 1024w, https:\/\/vgi.krtk.hu\/wp-content\/uploads\/2025\/05\/IMG_3015-768x576.jpg 768w, https:\/\/vgi.krtk.hu\/wp-content\/uploads\/2025\/05\/IMG_3015-1536x1152.jpg 1536w, https:\/\/vgi.krtk.hu\/wp-content\/uploads\/2025\/05\/IMG_3015-2048x1536.jpg 2048w\" sizes=\"(max-width: 300px) 100vw, 300px\" \/><\/a>\u00a0 <a href=\"https:\/\/vgi.krtk.hu\/wp-content\/uploads\/2025\/05\/IMG_3030-scaled.jpg\"><img loading=\"lazy\" decoding=\"async\" class=\"alignnone size-medium wp-image-11353\" src=\"https:\/\/vgi.krtk.hu\/wp-content\/uploads\/2025\/05\/IMG_3030-300x225.jpg\" alt=\"\" width=\"300\" height=\"225\" srcset=\"https:\/\/vgi.krtk.hu\/wp-content\/uploads\/2025\/05\/IMG_3030-300x225.jpg 300w, https:\/\/vgi.krtk.hu\/wp-content\/uploads\/2025\/05\/IMG_3030-1024x768.jpg 1024w, https:\/\/vgi.krtk.hu\/wp-content\/uploads\/2025\/05\/IMG_3030-768x576.jpg 768w, https:\/\/vgi.krtk.hu\/wp-content\/uploads\/2025\/05\/IMG_3030-1536x1152.jpg 1536w, https:\/\/vgi.krtk.hu\/wp-content\/uploads\/2025\/05\/IMG_3030-2048x1536.jpg 2048w\" sizes=\"(max-width: 300px) 100vw, 300px\" \/><\/a>\u00a0 <a href=\"https:\/\/vgi.krtk.hu\/wp-content\/uploads\/2025\/05\/IMG_3032-scaled.jpg\"><img loading=\"lazy\" decoding=\"async\" class=\"alignnone size-medium wp-image-11355\" src=\"https:\/\/vgi.krtk.hu\/wp-content\/uploads\/2025\/05\/IMG_3032-300x225.jpg\" alt=\"\" width=\"300\" height=\"225\" srcset=\"https:\/\/vgi.krtk.hu\/wp-content\/uploads\/2025\/05\/IMG_3032-300x225.jpg 300w, https:\/\/vgi.krtk.hu\/wp-content\/uploads\/2025\/05\/IMG_3032-1024x768.jpg 1024w, https:\/\/vgi.krtk.hu\/wp-content\/uploads\/2025\/05\/IMG_3032-768x576.jpg 768w, https:\/\/vgi.krtk.hu\/wp-content\/uploads\/2025\/05\/IMG_3032-1536x1152.jpg 1536w, https:\/\/vgi.krtk.hu\/wp-content\/uploads\/2025\/05\/IMG_3032-2048x1536.jpg 2048w\" sizes=\"(max-width: 300px) 100vw, 300px\" \/><\/a>\u00a0 <a href=\"https:\/\/vgi.krtk.hu\/wp-content\/uploads\/2025\/05\/IMG_3036-scaled.jpg\"><img loading=\"lazy\" decoding=\"async\" class=\"alignnone size-medium wp-image-11357\" src=\"https:\/\/vgi.krtk.hu\/wp-content\/uploads\/2025\/05\/IMG_3036-300x225.jpg\" alt=\"\" width=\"300\" height=\"225\" srcset=\"https:\/\/vgi.krtk.hu\/wp-content\/uploads\/2025\/05\/IMG_3036-300x225.jpg 300w, https:\/\/vgi.krtk.hu\/wp-content\/uploads\/2025\/05\/IMG_3036-1024x768.jpg 1024w, https:\/\/vgi.krtk.hu\/wp-content\/uploads\/2025\/05\/IMG_3036-768x576.jpg 768w, https:\/\/vgi.krtk.hu\/wp-content\/uploads\/2025\/05\/IMG_3036-1536x1152.jpg 1536w, https:\/\/vgi.krtk.hu\/wp-content\/uploads\/2025\/05\/IMG_3036-2048x1536.jpg 2048w\" sizes=\"(max-width: 300px) 100vw, 300px\" \/><\/a><\/p>\n","protected":false},"excerpt":{"rendered":"<p>This international conference will bring together representatives from stakeholders and researchers involved in the project. Stakeholders and researchers will share the results of their research on state policies on the buildout of electric car production, and the impact of the automotive transition on the automotive industry in Central and Eastern Europe. This conference is part [&hellip;]<\/p>\n","protected":false},"author":35,"featured_media":38,"parent":0,"menu_order":0,"comment_status":"closed","ping_status":"closed","template":"","meta":{"_acf_changed":false,"inline_featured_image":false,"footnotes":"","_links_to":"","_links_to_target":""},"class_list":["post-11138","page","type-page","status-publish","has-post-thumbnail","hentry"],"acf":[],"yoast_head":"<!-- This site is optimized with the Yoast SEO plugin v25.1 - https:\/\/yoast.com\/wordpress\/plugins\/seo\/ -->\n<title>SHIFTing Gears: The Future of Electric Car Production in CEE Countries - VGI<\/title>\n<meta name=\"robots\" content=\"index, follow, max-snippet:-1, max-image-preview:large, max-video-preview:-1\" \/>\n<link rel=\"canonical\" href=\"https:\/\/vgi.krtk.hu\/en\/shifting-gears\/\" \/>\n<meta property=\"og:locale\" content=\"en_US\" \/>\n<meta property=\"og:type\" content=\"article\" \/>\n<meta property=\"og:title\" content=\"SHIFTing Gears: The Future of Electric Car Production in CEE Countries - VGI\" \/>\n<meta property=\"og:description\" content=\"This international conference will bring together representatives from stakeholders and researchers involved in the project. Stakeholders and researchers will share the results of their research on state policies on the buildout of electric car production, and the impact of the automotive transition on the automotive industry in Central and Eastern Europe. This conference is part [&hellip;]\" \/>\n<meta property=\"og:url\" content=\"https:\/\/vgi.krtk.hu\/en\/shifting-gears\/\" \/>\n<meta property=\"og:site_name\" content=\"VGI\" \/>\n<meta property=\"article:modified_time\" content=\"2025-07-14T13:20:16+00:00\" \/>\n<meta property=\"og:image\" content=\"https:\/\/vgi.krtk.hu\/wp-content\/uploads\/2025\/03\/Visegrad-Project-BelgradeConference-banner-2.png\" \/>\n\t<meta property=\"og:image:width\" content=\"1600\" \/>\n\t<meta property=\"og:image:height\" content=\"400\" \/>\n\t<meta property=\"og:image:type\" content=\"image\/png\" \/>\n<meta name=\"twitter:card\" content=\"summary_large_image\" \/>\n<meta name=\"twitter:label1\" content=\"Est. reading time\" \/>\n\t<meta name=\"twitter:data1\" content=\"5 minutes\" \/>\n<script type=\"application\/ld+json\" class=\"yoast-schema-graph\">{\"@context\":\"https:\/\/schema.org\",\"@graph\":[{\"@type\":\"WebPage\",\"@id\":\"https:\/\/vgi.krtk.hu\/en\/shifting-gears\/\",\"url\":\"https:\/\/vgi.krtk.hu\/en\/shifting-gears\/\",\"name\":\"SHIFTing Gears: The Future of Electric Car Production in CEE Countries - VGI\",\"isPartOf\":{\"@id\":\"https:\/\/vgi.krtk.hu\/#website\"},\"primaryImageOfPage\":{\"@id\":\"https:\/\/vgi.krtk.hu\/en\/shifting-gears\/#primaryimage\"},\"image\":{\"@id\":\"https:\/\/vgi.krtk.hu\/en\/shifting-gears\/#primaryimage\"},\"thumbnailUrl\":\"https:\/\/vgi.krtk.hu\/wp-content\/uploads\/2022\/05\/placeholder.png\",\"datePublished\":\"2025-03-27T10:08:49+00:00\",\"dateModified\":\"2025-07-14T13:20:16+00:00\",\"inLanguage\":\"en-US\",\"potentialAction\":[{\"@type\":\"ReadAction\",\"target\":[\"https:\/\/vgi.krtk.hu\/en\/shifting-gears\/\"]}]},{\"@type\":\"ImageObject\",\"inLanguage\":\"en-US\",\"@id\":\"https:\/\/vgi.krtk.hu\/en\/shifting-gears\/#primaryimage\",\"url\":\"https:\/\/vgi.krtk.hu\/wp-content\/uploads\/2022\/05\/placeholder.png\",\"contentUrl\":\"https:\/\/vgi.krtk.hu\/wp-content\/uploads\/2022\/05\/placeholder.png\",\"width\":1200,\"height\":800},{\"@type\":\"WebSite\",\"@id\":\"https:\/\/vgi.krtk.hu\/#website\",\"url\":\"https:\/\/vgi.krtk.hu\/\",\"name\":\"VGI\",\"description\":\"Vil\u00e1ggazdas\u00e1gi Int\u00e9zet\",\"publisher\":{\"@id\":\"https:\/\/vgi.krtk.hu\/#organization\"},\"potentialAction\":[{\"@type\":\"SearchAction\",\"target\":{\"@type\":\"EntryPoint\",\"urlTemplate\":\"https:\/\/vgi.krtk.hu\/?s={search_term_string}\"},\"query-input\":{\"@type\":\"PropertyValueSpecification\",\"valueRequired\":true,\"valueName\":\"search_term_string\"}}],\"inLanguage\":\"en-US\"},{\"@type\":\"Organization\",\"@id\":\"https:\/\/vgi.krtk.hu\/#organization\",\"name\":\"VGI\",\"url\":\"https:\/\/vgi.krtk.hu\/\",\"logo\":{\"@type\":\"ImageObject\",\"inLanguage\":\"en-US\",\"@id\":\"https:\/\/vgi.krtk.hu\/#\/schema\/logo\/image\/\",\"url\":\"https:\/\/vgi.krtk.hu\/wp-content\/uploads\/2022\/08\/cropped-Group-960-1.png\",\"contentUrl\":\"https:\/\/vgi.krtk.hu\/wp-content\/uploads\/2022\/08\/cropped-Group-960-1.png\",\"width\":199,\"height\":57,\"caption\":\"VGI\"},\"image\":{\"@id\":\"https:\/\/vgi.krtk.hu\/#\/schema\/logo\/image\/\"}}]}<\/script>\n<!-- \/ Yoast SEO plugin. -->","yoast_head_json":{"title":"SHIFTing Gears: The Future of Electric Car Production in CEE Countries - VGI","robots":{"index":"index","follow":"follow","max-snippet":"max-snippet:-1","max-image-preview":"max-image-preview:large","max-video-preview":"max-video-preview:-1"},"canonical":"https:\/\/vgi.krtk.hu\/en\/shifting-gears\/","og_locale":"en_US","og_type":"article","og_title":"SHIFTing Gears: The Future of Electric Car Production in CEE Countries - VGI","og_description":"This international conference will bring together representatives from stakeholders and researchers involved in the project. Stakeholders and researchers will share the results of their research on state policies on the buildout of electric car production, and the impact of the automotive transition on the automotive industry in Central and Eastern Europe. This conference is part [&hellip;]","og_url":"https:\/\/vgi.krtk.hu\/en\/shifting-gears\/","og_site_name":"VGI","article_modified_time":"2025-07-14T13:20:16+00:00","og_image":[{"width":1600,"height":400,"url":"https:\/\/vgi.krtk.hu\/wp-content\/uploads\/2025\/03\/Visegrad-Project-BelgradeConference-banner-2.png","type":"image\/png"}],"twitter_card":"summary_large_image","twitter_misc":{"Est. reading time":"5 minutes"},"schema":{"@context":"https:\/\/schema.org","@graph":[{"@type":"WebPage","@id":"https:\/\/vgi.krtk.hu\/en\/shifting-gears\/","url":"https:\/\/vgi.krtk.hu\/en\/shifting-gears\/","name":"SHIFTing Gears: The Future of Electric Car Production in CEE Countries - VGI","isPartOf":{"@id":"https:\/\/vgi.krtk.hu\/#website"},"primaryImageOfPage":{"@id":"https:\/\/vgi.krtk.hu\/en\/shifting-gears\/#primaryimage"},"image":{"@id":"https:\/\/vgi.krtk.hu\/en\/shifting-gears\/#primaryimage"},"thumbnailUrl":"https:\/\/vgi.krtk.hu\/wp-content\/uploads\/2022\/05\/placeholder.png","datePublished":"2025-03-27T10:08:49+00:00","dateModified":"2025-07-14T13:20:16+00:00","inLanguage":"en-US","potentialAction":[{"@type":"ReadAction","target":["https:\/\/vgi.krtk.hu\/en\/shifting-gears\/"]}]},{"@type":"ImageObject","inLanguage":"en-US","@id":"https:\/\/vgi.krtk.hu\/en\/shifting-gears\/#primaryimage","url":"https:\/\/vgi.krtk.hu\/wp-content\/uploads\/2022\/05\/placeholder.png","contentUrl":"https:\/\/vgi.krtk.hu\/wp-content\/uploads\/2022\/05\/placeholder.png","width":1200,"height":800},{"@type":"WebSite","@id":"https:\/\/vgi.krtk.hu\/#website","url":"https:\/\/vgi.krtk.hu\/","name":"VGI","description":"Vil\u00e1ggazdas\u00e1gi Int\u00e9zet","publisher":{"@id":"https:\/\/vgi.krtk.hu\/#organization"},"potentialAction":[{"@type":"SearchAction","target":{"@type":"EntryPoint","urlTemplate":"https:\/\/vgi.krtk.hu\/?s={search_term_string}"},"query-input":{"@type":"PropertyValueSpecification","valueRequired":true,"valueName":"search_term_string"}}],"inLanguage":"en-US"},{"@type":"Organization","@id":"https:\/\/vgi.krtk.hu\/#organization","name":"VGI","url":"https:\/\/vgi.krtk.hu\/","logo":{"@type":"ImageObject","inLanguage":"en-US","@id":"https:\/\/vgi.krtk.hu\/#\/schema\/logo\/image\/","url":"https:\/\/vgi.krtk.hu\/wp-content\/uploads\/2022\/08\/cropped-Group-960-1.png","contentUrl":"https:\/\/vgi.krtk.hu\/wp-content\/uploads\/2022\/08\/cropped-Group-960-1.png","width":199,"height":57,"caption":"VGI"},"image":{"@id":"https:\/\/vgi.krtk.hu\/#\/schema\/logo\/image\/"}}]}},"_links":{"self":[{"href":"https:\/\/vgi.krtk.hu\/en\/wp-json\/wp\/v2\/pages\/11138","targetHints":{"allow":["GET"]}}],"collection":[{"href":"https:\/\/vgi.krtk.hu\/en\/wp-json\/wp\/v2\/pages"}],"about":[{"href":"https:\/\/vgi.krtk.hu\/en\/wp-json\/wp\/v2\/types\/page"}],"author":[{"embeddable":true,"href":"https:\/\/vgi.krtk.hu\/en\/wp-json\/wp\/v2\/users\/35"}],"replies":[{"embeddable":true,"href":"https:\/\/vgi.krtk.hu\/en\/wp-json\/wp\/v2\/comments?post=11138"}],"version-history":[{"count":12,"href":"https:\/\/vgi.krtk.hu\/en\/wp-json\/wp\/v2\/pages\/11138\/revisions"}],"predecessor-version":[{"id":11258,"href":"https:\/\/vgi.krtk.hu\/en\/wp-json\/wp\/v2\/pages\/11138\/revisions\/11258"}],"wp:featuredmedia":[{"embeddable":true,"href":"https:\/\/vgi.krtk.hu\/en\/wp-json\/wp\/v2\/media\/38"}],"wp:attachment":[{"href":"https:\/\/vgi.krtk.hu\/en\/wp-json\/wp\/v2\/media?parent=11138"}],"curies":[{"name":"wp","href":"https:\/\/api.w.org\/{rel}","templated":true}]}}