{"id":7673,"date":"2022-06-14T12:40:20","date_gmt":"2022-06-14T12:40:20","guid":{"rendered":"https:\/\/vki.stilldev2.work\/kapcsolat\/"},"modified":"2024-05-05T21:30:50","modified_gmt":"2024-05-05T21:30:50","slug":"contact","status":"publish","type":"page","link":"https:\/\/vgi.krtk.hu\/en\/contact\/","title":{"rendered":"Contact"},"content":{"rendered":"\t\t<div data-elementor-type=\"wp-page\" data-elementor-id=\"7673\" class=\"elementor elementor-7673 elementor-1329\" data-elementor-post-type=\"page\">\n\t\t\t\t\t\t<section class=\"elementor-section elementor-top-section elementor-element elementor-element-21385f7 elementor-section-boxed elementor-section-height-default elementor-section-height-default\" data-id=\"21385f7\" data-element_type=\"section\">\n\t\t\t\t\t\t<div class=\"elementor-container elementor-column-gap-custom\">\n\t\t\t\t\t<div class=\"elementor-column elementor-col-100 elementor-top-column elementor-element elementor-element-2a0f51d\" data-id=\"2a0f51d\" data-element_type=\"column\">\n\t\t\t<div class=\"elementor-widget-wrap elementor-element-populated\">\n\t\t\t\t\t\t<div class=\"elementor-element elementor-element-3eb8ec4 blue-title elementor-widget elementor-widget-heading\" data-id=\"3eb8ec4\" data-element_type=\"widget\" data-widget_type=\"heading.default\">\n\t\t\t\t<div class=\"elementor-widget-container\">\n\t\t\t\t\t<h2 class=\"elementor-heading-title elementor-size-default\">Map<\/h2>\t\t\t\t<\/div>\n\t\t\t\t<\/div>\n\t\t\t\t<div class=\"elementor-element elementor-element-1cfcf84 streetmap-widget elementor-widget elementor-widget-html\" data-id=\"1cfcf84\" data-element_type=\"widget\" data-widget_type=\"html.default\">\n\t\t\t\t<div class=\"elementor-widget-container\">\n\t\t\t\t\t<iframe width=\"425\" height=\"350\" frameborder=\"0\" scrolling=\"no\" marginheight=\"0\" marginwidth=\"0\" src=\"https:\/\/www.openstreetmap.org\/export\/embed.html?bbox=19.072144925594333%2C47.47317595005126%2C19.07568544149399%2C47.4747024736803&amp;layer=mapnik\" style=\"border: 1px solid black\"><\/iframe><br\/><small class=\"streetmap-button-container\"><a href=\"https:\/\/www.openstreetmap.org\/#map=19\/47.47394\/19.07392\" target=\"_blank\" class=\"streetmap-link\"><button>Larger view<\/button><\/a><\/small>\t\t\t\t<\/div>\n\t\t\t\t<\/div>\n\t\t\t\t\t<\/div>\n\t\t<\/div>\n\t\t\t\t\t<\/div>\n\t\t<\/section>\n\t\t\t\t<section class=\"elementor-section elementor-top-section elementor-element elementor-element-cee9087 elementor-section-boxed elementor-section-height-default elementor-section-height-default\" data-id=\"cee9087\" data-element_type=\"section\">\n\t\t\t\t\t\t<div class=\"elementor-container elementor-column-gap-custom\">\n\t\t\t\t\t<div class=\"elementor-column elementor-col-100 elementor-top-column elementor-element elementor-element-9bb3b03 projektek-column\" data-id=\"9bb3b03\" data-element_type=\"column\">\n\t\t\t<div class=\"elementor-widget-wrap elementor-element-populated\">\n\t\t\t\t\t\t<div class=\"elementor-element elementor-element-d16c2da blue-title elementor-widget elementor-widget-heading\" data-id=\"d16c2da\" data-element_type=\"widget\" data-widget_type=\"heading.default\">\n\t\t\t\t<div class=\"elementor-widget-container\">\n\t\t\t\t\t<h2 class=\"elementor-heading-title elementor-size-default\">Contact<\/h2>\t\t\t\t<\/div>\n\t\t\t\t<\/div>\n\t\t\t\t<section class=\"elementor-section elementor-inner-section elementor-element elementor-element-c219cdf elementor-section-full_width elementor-section-height-default elementor-section-height-default\" data-id=\"c219cdf\" data-element_type=\"section\">\n\t\t\t\t\t\t<div class=\"elementor-container elementor-column-gap-no\">\n\t\t\t\t\t<div class=\"elementor-column elementor-col-50 elementor-inner-column elementor-element elementor-element-22e8c3c\" data-id=\"22e8c3c\" data-element_type=\"column\">\n\t\t\t<div class=\"elementor-widget-wrap elementor-element-populated\">\n\t\t\t\t\t\t<div class=\"elementor-element elementor-element-18f1336 elementor-widget elementor-widget-text-editor\" data-id=\"18f1336\" data-element_type=\"widget\" data-widget_type=\"text-editor.default\">\n\t\t\t\t<div class=\"elementor-widget-container\">\n\t\t\t\t\t\t\t\t\t<p>HUN-REN Centre for Economic and Regional Studies \u2013 Institute of World Economics<\/p>\t\t\t\t\t\t\t\t<\/div>\n\t\t\t\t<\/div>\n\t\t\t\t<div class=\"elementor-element elementor-element-b9967d4 elementor-widget elementor-widget-text-editor\" data-id=\"b9967d4\" data-element_type=\"widget\" data-widget_type=\"text-editor.default\">\n\t\t\t\t<div class=\"elementor-widget-container\">\n\t\t\t\t\t\t\t\t\t<table class=\"kapcsolat-table\">\n<tbody>\n<tr>\n<td>Address:<\/td>\n<td>T\u00f3th K\u00e1lm\u00e1n utca 4, 1097 Budapest, Hungary<\/td>\n<\/tr>\n<tr>\n<td>Phone:<\/td>\n<td><a href=\"tel:+3613092643\">+36 1 309 2643<\/a><\/td>\n<\/tr>\n<tr>\n<td>E-mail:<\/td>\n<td><a href=\"mailto:vgi.titkarsag@krtk.hun-ren.hu\">vgi.titkarsag@krtk.hun-ren.hu<\/a><\/td>\n<\/tr>\n<tr>\n<td>Web:<\/td>\n<td><a href=\"https:\/\/vgi.krtk.hu\/en\">vgi.krtk.hu<\/a><\/td>\n<\/tr>\n<\/tbody>\n<\/table>\t\t\t\t\t\t\t\t<\/div>\n\t\t\t\t<\/div>\n\t\t\t\t<div class=\"elementor-element elementor-element-aea631e elementor-widget elementor-widget-text-editor\" data-id=\"aea631e\" data-element_type=\"widget\" data-widget_type=\"text-editor.default\">\n\t\t\t\t<div class=\"elementor-widget-container\">\n\t\t\t\t\t\t\t\t\t<div>Information on the management of personal data linked to the \ncontact form can be found under the Privacy Policy menu, titled Data \nProtection.<\/div>\t\t\t\t\t\t\t\t<\/div>\n\t\t\t\t<\/div>\n\t\t\t\t\t<\/div>\n\t\t<\/div>\n\t\t\t\t<div class=\"elementor-column elementor-col-50 elementor-inner-column elementor-element elementor-element-605b3b8\" data-id=\"605b3b8\" data-element_type=\"column\">\n\t\t\t<div class=\"elementor-widget-wrap elementor-element-populated\">\n\t\t\t\t\t\t<div class=\"elementor-element elementor-element-1db0780 contact-form-shortcode-widget elementor-widget elementor-widget-shortcode\" data-id=\"1db0780\" data-element_type=\"widget\" data-widget_type=\"shortcode.default\">\n\t\t\t\t<div class=\"elementor-widget-container\">\n\t\t\t\t\t\t\t<div class=\"elementor-shortcode\">\n<div class=\"wpcf7 no-js\" id=\"wpcf7-f7680-o1\" lang=\"en-US\" dir=\"ltr\" data-wpcf7-id=\"7680\">\n<div class=\"screen-reader-response\"><p role=\"status\" aria-live=\"polite\" aria-atomic=\"true\"><\/p> <ul><\/ul><\/div>\n<form action=\"\/en\/wp-json\/wp\/v2\/pages\/7673#wpcf7-f7680-o1\" method=\"post\" class=\"wpcf7-form init\" aria-label=\"Contact form\" novalidate=\"novalidate\" data-status=\"init\">\n<div style=\"display: none;\">\n<input type=\"hidden\" name=\"_wpcf7\" value=\"7680\" \/>\n<input type=\"hidden\" name=\"_wpcf7_version\" value=\"6.0.6\" \/>\n<input type=\"hidden\" name=\"_wpcf7_locale\" value=\"en_US\" \/>\n<input type=\"hidden\" name=\"_wpcf7_unit_tag\" value=\"wpcf7-f7680-o1\" \/>\n<input type=\"hidden\" name=\"_wpcf7_container_post\" value=\"0\" \/>\n<input type=\"hidden\" name=\"_wpcf7_posted_data_hash\" value=\"\" \/>\n<\/div>\n<div class=\"contact-form-container\">\n\t<div class=\"columns-wrapper\">\n\t\t<div class=\"column-1\">\n\t\t\t<div class=\"message\">\n\t\t\t\t<p>If you have any questions or comments, please fill out the form below!\n\t\t\t\t<\/p>\n\t\t\t\t<p>* Fields marked with an asterisk are required!\n\t\t\t\t<\/p>\n\t\t\t<\/div>\n\t\t\t<div class=\"first-row\">\n\t\t\t\t<p><label> Name*: <span class=\"wpcf7-form-control-wrap\" data-name=\"your-name\"><input size=\"40\" maxlength=\"400\" class=\"wpcf7-form-control wpcf7-text wpcf7-validates-as-required\" aria-required=\"true\" aria-invalid=\"false\" value=\"\" type=\"text\" name=\"your-name\" \/><\/span> <\/label>\n\t\t\t\t<\/p>\n\t\t\t<\/div>\n\t\t\t<div class=\"second-row\">\n\t\t\t\t<p><label> E-mail*: <span class=\"wpcf7-form-control-wrap\" data-name=\"your-email\"><input size=\"40\" maxlength=\"400\" class=\"wpcf7-form-control wpcf7-email wpcf7-validates-as-required wpcf7-text wpcf7-validates-as-email\" aria-required=\"true\" aria-invalid=\"false\" value=\"\" type=\"email\" name=\"your-email\" \/><\/span> <\/label>\n\t\t\t\t<\/p>\n\t\t\t<\/div>\n\t\t<\/div>\n\t\t<div class=\"column-2\">\n\t\t\t<div class=\"third-row\">\n\t\t\t\t<p><label> Subject*: <span class=\"wpcf7-form-control-wrap\" data-name=\"your-subject\"><input size=\"40\" maxlength=\"400\" class=\"wpcf7-form-control wpcf7-text wpcf7-validates-as-required\" aria-required=\"true\" aria-invalid=\"false\" value=\"\" type=\"text\" name=\"your-subject\" \/><\/span> <\/label>\n\t\t\t\t<\/p>\n\t\t\t<\/div>\n\t\t\t<div class=\"fourth-row\">\n\t\t\t\t<p><label> Message*: <span class=\"wpcf7-form-control-wrap\" data-name=\"your-message\"><textarea cols=\"40\" rows=\"5\" maxlength=\"2000\" class=\"wpcf7-form-control wpcf7-textarea wpcf7-validates-as-required\" aria-required=\"true\" aria-invalid=\"false\" name=\"your-message\"><\/textarea><\/span> <\/label>\n\t\t\t\t<\/p>\n\t\t\t<\/div>\n\t\t<\/div>\n\t<\/div>\n\t<div class=\"contact-footer\">\n\t\t<div class=\"tos-captcha-container\">\n\t\t\t<div class=\"tos-container\">\n\t\t\t\t<p><label> <span class=\"switch\"><input type=\"checkbox\" name=\"checkbox-tos\" \/> <span class=\"slider round\"><\/span> <\/span> <span> I have read and accept the <a style=\"margin-left: 3px\" href=\"https:\/\/krtk.hu\/en\/privacy-policy\/\" target=\"_blank\">Privacy policy.<\/a> <\/span><\/label>\n\t\t\t\t<\/p>\n\t\t\t<\/div>\n\t\t<\/div>\n\t\t<div class=\"submit-container\">\n\t\t\t<p><input class=\"wpcf7-form-control wpcf7-submit has-spinner\" type=\"submit\" value=\"Send\" \/>\n\t\t\t<\/p>\n\t\t<\/div>\n\t<\/div>\n<\/div><div class=\"wpcf7-response-output\" aria-hidden=\"true\"><\/div>\n<\/form>\n<\/div>\n<\/div>\n\t\t\t\t\t\t<\/div>\n\t\t\t\t<\/div>\n\t\t\t\t\t<\/div>\n\t\t<\/div>\n\t\t\t\t\t<\/div>\n\t\t<\/section>\n\t\t\t\t\t<\/div>\n\t\t<\/div>\n\t\t\t\t\t<\/div>\n\t\t<\/section>\n\t\t\t\t<\/div>\n\t\t","protected":false},"excerpt":{"rendered":"<p>Map Larger view Contact HUN-REN Centre for Economic and Regional Studies \u2013 Institute of World Economics Address: T\u00f3th K\u00e1lm\u00e1n utca 4, 1097 Budapest, Hungary Phone: +36 1 309 2643 E-mail: vgi.titkarsag@krtk.hun-ren.hu Web: vgi.krtk.hu Information on the management of personal data linked to the contact form can be found under the Privacy Policy menu, titled Data [&hellip;]<\/p>\n","protected":false},"author":3,"featured_media":39,"parent":0,"menu_order":0,"comment_status":"closed","ping_status":"closed","template":"","meta":{"_acf_changed":false,"inline_featured_image":false,"footnotes":"","_links_to":"","_links_to_target":""},"class_list":["post-7673","page","type-page","status-publish","has-post-thumbnail","hentry"],"acf":[],"yoast_head":"<!-- This site is optimized with the Yoast SEO plugin v25.1 - https:\/\/yoast.com\/wordpress\/plugins\/seo\/ -->\n<title>Contact - VGI<\/title>\n<meta name=\"robots\" content=\"index, follow, max-snippet:-1, max-image-preview:large, max-video-preview:-1\" \/>\n<link rel=\"canonical\" href=\"https:\/\/vgi.krtk.hu\/kapcsolat\/\" \/>\n<meta property=\"og:locale\" content=\"en_US\" \/>\n<meta property=\"og:type\" content=\"article\" \/>\n<meta property=\"og:title\" content=\"Contact - VGI\" \/>\n<meta property=\"og:description\" content=\"Map Larger view Contact HUN-REN Centre for Economic and Regional Studies \u2013 Institute of World Economics Address: T\u00f3th K\u00e1lm\u00e1n utca 4, 1097 Budapest, Hungary Phone: +36 1 309 2643 E-mail: vgi.titkarsag@krtk.hun-ren.hu Web: vgi.krtk.hu Information on the management of personal data linked to the contact form can be found under the Privacy Policy menu, titled Data [&hellip;]\" \/>\n<meta property=\"og:url\" content=\"https:\/\/vgi.krtk.hu\/kapcsolat\/\" \/>\n<meta property=\"og:site_name\" content=\"VGI\" \/>\n<meta property=\"article:modified_time\" content=\"2024-05-05T21:30:50+00:00\" \/>\n<meta property=\"og:image\" content=\"https:\/\/vgi.krtk.hu\/wp-content\/uploads\/2022\/05\/placeholder.png\" \/>\n\t<meta property=\"og:image:width\" content=\"1200\" \/>\n\t<meta property=\"og:image:height\" content=\"800\" \/>\n\t<meta property=\"og:image:type\" content=\"image\/png\" \/>\n<meta name=\"twitter:card\" content=\"summary_large_image\" \/>\n<meta name=\"twitter:label1\" content=\"Est. reading time\" \/>\n\t<meta name=\"twitter:data1\" content=\"1 minute\" \/>\n<script type=\"application\/ld+json\" class=\"yoast-schema-graph\">{\"@context\":\"https:\/\/schema.org\",\"@graph\":[{\"@type\":\"WebPage\",\"@id\":\"https:\/\/vgi.krtk.hu\/kapcsolat\/\",\"url\":\"https:\/\/vgi.krtk.hu\/kapcsolat\/\",\"name\":\"Contact - VGI\",\"isPartOf\":{\"@id\":\"https:\/\/vgi.krtk.hu\/#website\"},\"primaryImageOfPage\":{\"@id\":\"https:\/\/vgi.krtk.hu\/kapcsolat\/#primaryimage\"},\"image\":{\"@id\":\"https:\/\/vgi.krtk.hu\/kapcsolat\/#primaryimage\"},\"thumbnailUrl\":\"https:\/\/vgi.krtk.hu\/wp-content\/uploads\/2022\/05\/placeholder.png\",\"datePublished\":\"2022-06-14T12:40:20+00:00\",\"dateModified\":\"2024-05-05T21:30:50+00:00\",\"inLanguage\":\"en-US\",\"potentialAction\":[{\"@type\":\"ReadAction\",\"target\":[\"https:\/\/vgi.krtk.hu\/kapcsolat\/\"]}]},{\"@type\":\"ImageObject\",\"inLanguage\":\"en-US\",\"@id\":\"https:\/\/vgi.krtk.hu\/kapcsolat\/#primaryimage\",\"url\":\"https:\/\/vgi.krtk.hu\/wp-content\/uploads\/2022\/05\/placeholder.png\",\"contentUrl\":\"https:\/\/vgi.krtk.hu\/wp-content\/uploads\/2022\/05\/placeholder.png\",\"width\":1200,\"height\":800},{\"@type\":\"WebSite\",\"@id\":\"https:\/\/vgi.krtk.hu\/#website\",\"url\":\"https:\/\/vgi.krtk.hu\/\",\"name\":\"VGI\",\"description\":\"Vil\u00e1ggazdas\u00e1gi Int\u00e9zet\",\"publisher\":{\"@id\":\"https:\/\/vgi.krtk.hu\/#organization\"},\"potentialAction\":[{\"@type\":\"SearchAction\",\"target\":{\"@type\":\"EntryPoint\",\"urlTemplate\":\"https:\/\/vgi.krtk.hu\/?s={search_term_string}\"},\"query-input\":{\"@type\":\"PropertyValueSpecification\",\"valueRequired\":true,\"valueName\":\"search_term_string\"}}],\"inLanguage\":\"en-US\"},{\"@type\":\"Organization\",\"@id\":\"https:\/\/vgi.krtk.hu\/#organization\",\"name\":\"VGI\",\"url\":\"https:\/\/vgi.krtk.hu\/\",\"logo\":{\"@type\":\"ImageObject\",\"inLanguage\":\"en-US\",\"@id\":\"https:\/\/vgi.krtk.hu\/#\/schema\/logo\/image\/\",\"url\":\"https:\/\/vgi.krtk.hu\/wp-content\/uploads\/2022\/08\/cropped-Group-960-1.png\",\"contentUrl\":\"https:\/\/vgi.krtk.hu\/wp-content\/uploads\/2022\/08\/cropped-Group-960-1.png\",\"width\":199,\"height\":57,\"caption\":\"VGI\"},\"image\":{\"@id\":\"https:\/\/vgi.krtk.hu\/#\/schema\/logo\/image\/\"}}]}<\/script>\n<!-- \/ Yoast SEO plugin. -->","yoast_head_json":{"title":"Contact - VGI","robots":{"index":"index","follow":"follow","max-snippet":"max-snippet:-1","max-image-preview":"max-image-preview:large","max-video-preview":"max-video-preview:-1"},"canonical":"https:\/\/vgi.krtk.hu\/kapcsolat\/","og_locale":"en_US","og_type":"article","og_title":"Contact - VGI","og_description":"Map Larger view Contact HUN-REN Centre for Economic and Regional Studies \u2013 Institute of World Economics Address: T\u00f3th K\u00e1lm\u00e1n utca 4, 1097 Budapest, Hungary Phone: +36 1 309 2643 E-mail: vgi.titkarsag@krtk.hun-ren.hu Web: vgi.krtk.hu Information on the management of personal data linked to the contact form can be found under the Privacy Policy menu, titled Data [&hellip;]","og_url":"https:\/\/vgi.krtk.hu\/kapcsolat\/","og_site_name":"VGI","article_modified_time":"2024-05-05T21:30:50+00:00","og_image":[{"width":1200,"height":800,"url":"https:\/\/vgi.krtk.hu\/wp-content\/uploads\/2022\/05\/placeholder.png","type":"image\/png"}],"twitter_card":"summary_large_image","twitter_misc":{"Est. reading time":"1 minute"},"schema":{"@context":"https:\/\/schema.org","@graph":[{"@type":"WebPage","@id":"https:\/\/vgi.krtk.hu\/kapcsolat\/","url":"https:\/\/vgi.krtk.hu\/kapcsolat\/","name":"Contact - VGI","isPartOf":{"@id":"https:\/\/vgi.krtk.hu\/#website"},"primaryImageOfPage":{"@id":"https:\/\/vgi.krtk.hu\/kapcsolat\/#primaryimage"},"image":{"@id":"https:\/\/vgi.krtk.hu\/kapcsolat\/#primaryimage"},"thumbnailUrl":"https:\/\/vgi.krtk.hu\/wp-content\/uploads\/2022\/05\/placeholder.png","datePublished":"2022-06-14T12:40:20+00:00","dateModified":"2024-05-05T21:30:50+00:00","inLanguage":"en-US","potentialAction":[{"@type":"ReadAction","target":["https:\/\/vgi.krtk.hu\/kapcsolat\/"]}]},{"@type":"ImageObject","inLanguage":"en-US","@id":"https:\/\/vgi.krtk.hu\/kapcsolat\/#primaryimage","url":"https:\/\/vgi.krtk.hu\/wp-content\/uploads\/2022\/05\/placeholder.png","contentUrl":"https:\/\/vgi.krtk.hu\/wp-content\/uploads\/2022\/05\/placeholder.png","width":1200,"height":800},{"@type":"WebSite","@id":"https:\/\/vgi.krtk.hu\/#website","url":"https:\/\/vgi.krtk.hu\/","name":"VGI","description":"Vil\u00e1ggazdas\u00e1gi Int\u00e9zet","publisher":{"@id":"https:\/\/vgi.krtk.hu\/#organization"},"potentialAction":[{"@type":"SearchAction","target":{"@type":"EntryPoint","urlTemplate":"https:\/\/vgi.krtk.hu\/?s={search_term_string}"},"query-input":{"@type":"PropertyValueSpecification","valueRequired":true,"valueName":"search_term_string"}}],"inLanguage":"en-US"},{"@type":"Organization","@id":"https:\/\/vgi.krtk.hu\/#organization","name":"VGI","url":"https:\/\/vgi.krtk.hu\/","logo":{"@type":"ImageObject","inLanguage":"en-US","@id":"https:\/\/vgi.krtk.hu\/#\/schema\/logo\/image\/","url":"https:\/\/vgi.krtk.hu\/wp-content\/uploads\/2022\/08\/cropped-Group-960-1.png","contentUrl":"https:\/\/vgi.krtk.hu\/wp-content\/uploads\/2022\/08\/cropped-Group-960-1.png","width":199,"height":57,"caption":"VGI"},"image":{"@id":"https:\/\/vgi.krtk.hu\/#\/schema\/logo\/image\/"}}]}},"_links":{"self":[{"href":"https:\/\/vgi.krtk.hu\/en\/wp-json\/wp\/v2\/pages\/7673","targetHints":{"allow":["GET"]}}],"collection":[{"href":"https:\/\/vgi.krtk.hu\/en\/wp-json\/wp\/v2\/pages"}],"about":[{"href":"https:\/\/vgi.krtk.hu\/en\/wp-json\/wp\/v2\/types\/page"}],"author":[{"embeddable":true,"href":"https:\/\/vgi.krtk.hu\/en\/wp-json\/wp\/v2\/users\/3"}],"replies":[{"embeddable":true,"href":"https:\/\/vgi.krtk.hu\/en\/wp-json\/wp\/v2\/comments?post=7673"}],"version-history":[{"count":19,"href":"https:\/\/vgi.krtk.hu\/en\/wp-json\/wp\/v2\/pages\/7673\/revisions"}],"predecessor-version":[{"id":9899,"href":"https:\/\/vgi.krtk.hu\/en\/wp-json\/wp\/v2\/pages\/7673\/revisions\/9899"}],"wp:featuredmedia":[{"embeddable":true,"href":"https:\/\/vgi.krtk.hu\/en\/wp-json\/wp\/v2\/media\/39"}],"wp:attachment":[{"href":"https:\/\/vgi.krtk.hu\/en\/wp-json\/wp\/v2\/media?parent=7673"}],"curies":[{"name":"wp","href":"https:\/\/api.w.org\/{rel}","templated":true}]}}